{"id":1627,"date":"2025-10-05T13:42:42","date_gmt":"2025-10-05T13:42:42","guid":{"rendered":"https:\/\/moratra.com\/?page_id=1627"},"modified":"2025-12-05T16:42:13","modified_gmt":"2025-12-05T16:42:13","slug":"moratra-travel-booking","status":"publish","type":"page","link":"https:\/\/moratra.com\/fr\/moratra-travel-booking\/","title":{"rendered":"R\u00e9servation"},"content":{"rendered":"<div data-elementor-type=\"wp-page\" data-elementor-id=\"1627\" class=\"elementor elementor-1627\" data-elementor-post-type=\"page\">\n\t\t\t\t<div class=\"elementor-element elementor-element-2fa82457 e-flex e-con-boxed e-con e-parent\" data-id=\"2fa82457\" data-element_type=\"container\" data-e-type=\"container\" data-settings=\"{&quot;background_background&quot;:&quot;classic&quot;}\">\n\t\t\t\t\t<div class=\"e-con-inner\">\n\t\t\t\t<div class=\"elementor-element elementor-element-42c2a0a6 elementor-widget__width-inherit elementor-widget elementor-widget-heading\" data-id=\"42c2a0a6\" data-element_type=\"widget\" data-e-type=\"widget\" data-widget_type=\"heading.default\">\n\t\t\t\t\t<h1 class=\"elementor-heading-title elementor-size-default\">R\u00e9servation MoraTra<\/h1>\t\t\t\t<\/div>\n\t\t<div class=\"elementor-element elementor-element-5953631c e-con-full e-flex e-con e-child\" data-id=\"5953631c\" data-element_type=\"container\" data-e-type=\"container\">\n\t\t\t\t<div class=\"elementor-element elementor-element-23702dcf elementor-icon-list--layout-inline elementor-list-item-link-full_width elementor-widget elementor-widget-icon-list\" data-id=\"23702dcf\" data-element_type=\"widget\" data-e-type=\"widget\" data-widget_type=\"icon-list.default\">\n\t\t\t\t\t\t\t<ul class=\"elementor-icon-list-items elementor-inline-items\">\n\t\t\t\t\t\t\t<li class=\"elementor-icon-list-item elementor-inline-item\">\n\t\t\t\t\t\t\t\t\t\t\t<a href=\"https:\/\/moratra.com\/fr\/\">\n\n\t\t\t\t\t\t\t\t\t\t\t<span class=\"elementor-icon-list-text\">Maison<\/span>\n\t\t\t\t\t\t\t\t\t\t\t<\/a>\n\t\t\t\t\t\t\t\t\t<\/li>\n\t\t\t\t\t\t<\/ul>\n\t\t\t\t\t\t<\/div>\n\t\t\t\t<div class=\"elementor-element elementor-element-43ec26e5 elementor-icon-list--layout-inline elementor-align-start elementor-list-item-link-full_width elementor-widget elementor-widget-icon-list\" data-id=\"43ec26e5\" data-element_type=\"widget\" data-e-type=\"widget\" data-widget_type=\"icon-list.default\">\n\t\t\t\t\t\t\t<ul class=\"elementor-icon-list-items elementor-inline-items\">\n\t\t\t\t\t\t\t<li class=\"elementor-icon-list-item elementor-inline-item\">\n\t\t\t\t\t\t\t\t\t\t\t<a href=\"https:\/\/moratra.com\/fr\/moratra-travel-booking\/\">\n\n\t\t\t\t\t\t\t\t\t\t\t\t<span class=\"elementor-icon-list-icon\">\n\t\t\t\t\t\t\t<svg aria-hidden=\"true\" class=\"e-font-icon-svg e-fas-chevron-right\" viewbox=\"0 0 320 512\" xmlns=\"http:\/\/www.w3.org\/2000\/svg\"><path d=\"M285.476 272.971L91.132 467.314c-9.373 9.373-24.569 9.373-33.941 0l-22.667-22.667c-9.357-9.357-9.375-24.522-.04-33.901L188.505 256 34.484 101.255c-9.335-9.379-9.317-24.544.04-33.901l22.667-22.667c9.373-9.373 24.569-9.373 33.941 0L285.475 239.03c9.373 9.372 9.373 24.568.001 33.941z\"><\/path><\/svg>\t\t\t\t\t\t<\/span>\n\t\t\t\t\t\t\t\t\t\t<span class=\"elementor-icon-list-text\">R\u00e9servation<\/span>\n\t\t\t\t\t\t\t\t\t\t\t<\/a>\n\t\t\t\t\t\t\t\t\t<\/li>\n\t\t\t\t\t\t<\/ul>\n\t\t\t\t\t\t<\/div>\n\t\t\t\t<\/div>\n\t\t\t\t\t<\/div>\n\t\t\t\t<\/div>\n\t\t<div class=\"elementor-element elementor-element-283d0eb e-flex e-con-boxed e-con e-parent\" data-id=\"283d0eb\" data-element_type=\"container\" data-e-type=\"container\">\n\t\t\t\t\t<div class=\"e-con-inner\">\n\t\t<div class=\"elementor-element elementor-element-a1b7bf9 e-grid e-con-full e-con e-child\" data-id=\"a1b7bf9\" data-element_type=\"container\" data-e-type=\"container\">\n\t\t\t\t<div class=\"elementor-element elementor-element-e3927fd elementor-widget elementor-widget-html\" data-id=\"e3927fd\" data-element_type=\"widget\" data-e-type=\"widget\" data-widget_type=\"html.default\">\n\t\t\t\t\t<div class=\"moratra-booking-header\">\r\n    <h1>Pr\u00eat pour votre aventure marocaine ?<\/h1>\r\n    \r\n    <div class=\"moratra-benefits\">\r\n        <div class=\"benefit-item\">\r\n            <strong>\ud83c\udfaf Meilleur prix<\/strong>\r\n            <p>\u00c9conomisez jusqu&#039;\u00e0 10% en r\u00e9servant directement<\/p>\r\n        <\/div>\r\n        \r\n        <div class=\"benefit-item\">\r\n            <strong>\u26a1 Instant<\/strong>\r\n            <p>Confirmation en temps r\u00e9el<\/p>\r\n        <\/div>\r\n        \r\n        <div class=\"benefit-item\">\r\n            <strong>\ud83c\udf1f Experts locaux<\/strong>\r\n            <p>Exp\u00e9riences marocaines authentiques<\/p>\r\n        <\/div>\r\n        \r\n        <div class=\"benefit-item\">\r\n            <strong>\ud83d\udd12 Flexible<\/strong>\r\n            <p>Annulation gratuite jusqu&#039;\u00e0 24h avant<\/p>\r\n        <\/div>\r\n        \r\n        <div class=\"benefit-item\">\r\n            <strong>\ud83d\uddfa\ufe0f Personnalisable<\/strong>\r\n            <p>Itin\u00e9raires personnalis\u00e9s<\/p>\r\n        <\/div>\r\n        \r\n        <div class=\"benefit-item\">\r\n            <strong>\ud83d\udcac Assistance 24h\/24 et 7j\/7<\/strong>\r\n            <p>Assistance multilingue<\/p>\r\n        <\/div>\r\n        \r\n        <div class=\"benefit-item\">\r\n            <strong>\ud83d\ude97 Priv\u00e9<\/strong>\r\n            <p>Chauffeurs professionnels<\/p>\r\n        <\/div>\r\n        \r\n        <div class=\"benefit-item\">\r\n            <strong>\ud83c\udfe8 S\u00e9lectionn\u00e9 avec soin<\/strong>\r\n            <p>h\u00e9bergements authentiques<\/p>\r\n        <\/div>\r\n    <\/div>\r\n\r\n    <div class=\"moratra-urgency\">\r\n        <p>\ud83d\udea8 <strong>Les visites les plus populaires affichent complet tr\u00e8s rapidement !<\/strong> R\u00e9servez votre place d\u00e8s maintenant - payez plus tard.<\/p>\r\n    <\/div>\r\n<\/div>\t\t\t\t<\/div>\n\t\t\t\t<\/div>\n\t\t\t\t\t<\/div>\n\t\t\t\t<\/div>\n\t\t\t\t<\/div>","protected":false},"excerpt":{"rendered":"<p>MoraTra Booking Home Booking Ready for Your Moroccan Adventure? \ud83c\udfaf Best Price Save up to 10% booking directly \u26a1 Instant Real-time confirmation \ud83c\udf1f Local Experts Authentic Moroccan experiences \ud83d\udd12 Flexible Free cancellation 24h before \ud83d\uddfa\ufe0f Customizable Personalized itineraries \ud83d\udcac 24\/7 Support Multilingual assistance \ud83d\ude97 Private Professional drivers \ud83c\udfe8 Handpicked Authentic accommodations \ud83d\udea8 Popular tours sell [&hellip;]<\/p>\n","protected":false},"author":1,"featured_media":0,"parent":0,"menu_order":0,"comment_status":"closed","ping_status":"closed","template":"","meta":{"footnotes":""},"class_list":["post-1627","page","type-page","status-publish","hentry"],"_links":{"self":[{"href":"https:\/\/moratra.com\/fr\/wp-json\/wp\/v2\/pages\/1627","targetHints":{"allow":["GET"]}}],"collection":[{"href":"https:\/\/moratra.com\/fr\/wp-json\/wp\/v2\/pages"}],"about":[{"href":"https:\/\/moratra.com\/fr\/wp-json\/wp\/v2\/types\/page"}],"author":[{"embeddable":true,"href":"https:\/\/moratra.com\/fr\/wp-json\/wp\/v2\/users\/1"}],"replies":[{"embeddable":true,"href":"https:\/\/moratra.com\/fr\/wp-json\/wp\/v2\/comments?post=1627"}],"version-history":[{"count":0,"href":"https:\/\/moratra.com\/fr\/wp-json\/wp\/v2\/pages\/1627\/revisions"}],"wp:attachment":[{"href":"https:\/\/moratra.com\/fr\/wp-json\/wp\/v2\/media?parent=1627"}],"curies":[{"name":"wp","href":"https:\/\/api.w.org\/{rel}","templated":true}]}}